{"id":8539,"date":"2025-12-22T22:18:45","date_gmt":"2025-12-22T22:18:45","guid":{"rendered":"https:\/\/marchecheminduroy.com\/?post_type=product&#038;p=8539"},"modified":"2026-02-17T18:38:33","modified_gmt":"2026-02-17T18:38:33","slug":"rondelles-dokra","status":"publish","type":"product","link":"https:\/\/marchecheminduroy.com\/fr\/produit\/rondelles-dokra\/","title":{"rendered":"GOMBO D\u00e9coup\u00e9 congel\u00e9 (OKRA)"},"content":{"rendered":"","protected":false},"excerpt":{"rendered":"","protected":false},"featured_media":8544,"template":"","meta":[],"product_brand":[],"product_cat":[263,224,47],"product_tag":[1063,432,1068],"class_list":{"0":"post-8539","1":"product","2":"type-product","3":"status-publish","4":"has-post-thumbnail","6":"product_cat-all","7":"product_cat-frozen-products","8":"product_cat-groceries","9":"product_tag-congele","10":"product_tag-gombo","11":"product_tag-okra","13":"first","14":"instock","15":"purchasable","16":"product-type-simple"},"_links":{"self":[{"href":"https:\/\/marchecheminduroy.com\/fr\/wp-json\/wp\/v2\/product\/8539","targetHints":{"allow":["GET"]}}],"collection":[{"href":"https:\/\/marchecheminduroy.com\/fr\/wp-json\/wp\/v2\/product"}],"about":[{"href":"https:\/\/marchecheminduroy.com\/fr\/wp-json\/wp\/v2\/types\/product"}],"version-history":[{"count":0,"href":"https:\/\/marchecheminduroy.com\/fr\/wp-json\/wp\/v2\/product\/8539\/revisions"}],"wp:featuredmedia":[{"embeddable":true,"href":"https:\/\/marchecheminduroy.com\/fr\/wp-json\/wp\/v2\/media\/8544"}],"wp:attachment":[{"href":"https:\/\/marchecheminduroy.com\/fr\/wp-json\/wp\/v2\/media?parent=8539"}],"wp:term":[{"taxonomy":"product_brand","embeddable":true,"href":"https:\/\/marchecheminduroy.com\/fr\/wp-json\/wp\/v2\/product_brand?post=8539"},{"taxonomy":"product_cat","embeddable":true,"href":"https:\/\/marchecheminduroy.com\/fr\/wp-json\/wp\/v2\/product_cat?post=8539"},{"taxonomy":"product_tag","embeddable":true,"href":"https:\/\/marchecheminduroy.com\/fr\/wp-json\/wp\/v2\/product_tag?post=8539"}],"curies":[{"name":"wp","href":"https:\/\/api.w.org\/{rel}","templated":true}]}}