{"id":7475,"date":"2025-12-05T21:00:41","date_gmt":"2025-12-05T21:00:41","guid":{"rendered":"https:\/\/marchecheminduroy.com\/?post_type=product&#038;p=7475"},"modified":"2026-05-13T20:22:40","modified_gmt":"2026-05-13T20:22:40","slug":"kids-shea-butter-conditioning-shampoing-bleu","status":"publish","type":"product","link":"https:\/\/marchecheminduroy.com\/fr\/product\/kids-shea-butter-conditioning-shampoing-bleu\/","title":{"rendered":"kids original shea butter conditioning shampooing"},"content":{"rendered":"<p>Kids shampoing nourrissant au beurre de karit\u00e9 bleu<\/p>\n","protected":false},"excerpt":{"rendered":"<p>Shampoing nourrissant au beurre de karit\u00e9 pour enfants qui nettoie en douceur, hydrate les cheveux et facilite le d\u00e9m\u00ealage.<\/p>\n","protected":false},"featured_media":7487,"template":"","meta":[],"product_brand":[1323],"product_cat":[248,39,263],"product_tag":[817,776,892],"class_list":{"0":"post-7475","1":"product","2":"type-product","3":"status-publish","4":"has-post-thumbnail","6":"product_brand-kids-originals","7":"product_cat-produits-capillaires","8":"product_cat-soins-capillaires","9":"product_cat-tout","10":"product_tag-demelant","11":"product_tag-enfants","12":"product_tag-shampoing","14":"first","15":"instock","16":"taxable","17":"shipping-taxable","18":"purchasable","19":"product-type-simple"},"_links":{"self":[{"href":"https:\/\/marchecheminduroy.com\/fr\/wp-json\/wp\/v2\/product\/7475","targetHints":{"allow":["GET"]}}],"collection":[{"href":"https:\/\/marchecheminduroy.com\/fr\/wp-json\/wp\/v2\/product"}],"about":[{"href":"https:\/\/marchecheminduroy.com\/fr\/wp-json\/wp\/v2\/types\/product"}],"version-history":[{"count":2,"href":"https:\/\/marchecheminduroy.com\/fr\/wp-json\/wp\/v2\/product\/7475\/revisions"}],"predecessor-version":[{"id":12311,"href":"https:\/\/marchecheminduroy.com\/fr\/wp-json\/wp\/v2\/product\/7475\/revisions\/12311"}],"wp:featuredmedia":[{"embeddable":true,"href":"https:\/\/marchecheminduroy.com\/fr\/wp-json\/wp\/v2\/media\/7487"}],"wp:attachment":[{"href":"https:\/\/marchecheminduroy.com\/fr\/wp-json\/wp\/v2\/media?parent=7475"}],"wp:term":[{"taxonomy":"product_brand","embeddable":true,"href":"https:\/\/marchecheminduroy.com\/fr\/wp-json\/wp\/v2\/product_brand?post=7475"},{"taxonomy":"product_cat","embeddable":true,"href":"https:\/\/marchecheminduroy.com\/fr\/wp-json\/wp\/v2\/product_cat?post=7475"},{"taxonomy":"product_tag","embeddable":true,"href":"https:\/\/marchecheminduroy.com\/fr\/wp-json\/wp\/v2\/product_tag?post=7475"}],"curies":[{"name":"wp","href":"https:\/\/api.w.org\/{rel}","templated":true}]}}