{"id":7123,"date":"2025-12-04T02:00:24","date_gmt":"2025-12-04T02:00:24","guid":{"rendered":"https:\/\/marchecheminduroy.com\/?post_type=product&#038;p=7123"},"modified":"2026-05-10T21:00:24","modified_gmt":"2026-05-10T21:00:24","slug":"african-pride-olive-miracle-anti-breakage-formula-leave-in-conditioner","status":"publish","type":"product","link":"https:\/\/marchecheminduroy.com\/fr\/product\/african-pride-olive-miracle-anti-breakage-formula-leave-in-conditioner\/","title":{"rendered":"African pride olive miracle anti-breakage formula leave-in conditioner"},"content":{"rendered":"<p>Olive miracle apr\u00e8s-shampoing sans rin\u00e7age<\/p>\n","protected":false},"excerpt":{"rendered":"<p>\u00ab\u00a0African Pride Olive Miracle\u00a0\u00bb revitalisant sans rin\u00e7age anti-casse hydrate intens\u00e9ment, renforce les cheveux et aide \u00e0 r\u00e9duire la casse pour des cheveux souples et sains.<\/p>\n","protected":false},"featured_media":7114,"template":"","meta":[],"product_brand":[1322],"product_cat":[248,39,263],"product_tag":[483,1201],"class_list":{"0":"post-7123","1":"product","2":"type-product","3":"status-publish","4":"has-post-thumbnail","6":"product_brand-african-pride","7":"product_cat-produits-capillaires","8":"product_cat-soins-capillaires","9":"product_cat-tout","10":"product_tag-cheveux","11":"product_tag-leave-in-conditioner","13":"first","14":"instock","15":"taxable","16":"shipping-taxable","17":"purchasable","18":"product-type-simple"},"_links":{"self":[{"href":"https:\/\/marchecheminduroy.com\/fr\/wp-json\/wp\/v2\/product\/7123","targetHints":{"allow":["GET"]}}],"collection":[{"href":"https:\/\/marchecheminduroy.com\/fr\/wp-json\/wp\/v2\/product"}],"about":[{"href":"https:\/\/marchecheminduroy.com\/fr\/wp-json\/wp\/v2\/types\/product"}],"version-history":[{"count":2,"href":"https:\/\/marchecheminduroy.com\/fr\/wp-json\/wp\/v2\/product\/7123\/revisions"}],"predecessor-version":[{"id":12097,"href":"https:\/\/marchecheminduroy.com\/fr\/wp-json\/wp\/v2\/product\/7123\/revisions\/12097"}],"wp:featuredmedia":[{"embeddable":true,"href":"https:\/\/marchecheminduroy.com\/fr\/wp-json\/wp\/v2\/media\/7114"}],"wp:attachment":[{"href":"https:\/\/marchecheminduroy.com\/fr\/wp-json\/wp\/v2\/media?parent=7123"}],"wp:term":[{"taxonomy":"product_brand","embeddable":true,"href":"https:\/\/marchecheminduroy.com\/fr\/wp-json\/wp\/v2\/product_brand?post=7123"},{"taxonomy":"product_cat","embeddable":true,"href":"https:\/\/marchecheminduroy.com\/fr\/wp-json\/wp\/v2\/product_cat?post=7123"},{"taxonomy":"product_tag","embeddable":true,"href":"https:\/\/marchecheminduroy.com\/fr\/wp-json\/wp\/v2\/product_tag?post=7123"}],"curies":[{"name":"wp","href":"https:\/\/api.w.org\/{rel}","templated":true}]}}