{"id":6999,"date":"2025-12-04T00:13:20","date_gmt":"2025-12-04T00:13:20","guid":{"rendered":"https:\/\/marchecheminduroy.com\/?post_type=product&#038;p=6999"},"modified":"2026-05-12T16:59:35","modified_gmt":"2026-05-12T16:59:35","slug":"just-for-me-natural-hair-milk-smoothing-edges-creme-relaxer-kit","status":"publish","type":"product","link":"https:\/\/marchecheminduroy.com\/fr\/product\/just-for-me-natural-hair-milk-smoothing-edges-creme-relaxer-kit\/","title":{"rendered":"just for me natural hair milk smoothing edges creme relaxer kit"},"content":{"rendered":"<p>D\u00e9frisant Just for me (super)<\/p>\n","protected":false},"excerpt":{"rendered":"<p>Kit d\u00e9frisant Just For Me Natural Hair Milk Smoothing Edges, con\u00e7u pour lisser les cheveux et adoucir les contours tout en aidant \u00e0 les nourrir.<\/p>\n","protected":false},"featured_media":7012,"template":"","meta":[],"product_brand":[1331],"product_cat":[248,39,263],"product_tag":[483,919,775,620],"class_list":{"0":"post-6999","1":"product","2":"type-product","3":"status-publish","4":"has-post-thumbnail","6":"product_brand-just-for-me","7":"product_cat-produits-capillaires","8":"product_cat-soins-capillaires","9":"product_cat-tout","10":"product_tag-cheveux","11":"product_tag-defrisant","12":"product_tag-enfant","13":"product_tag-hair","15":"first","16":"instock","17":"taxable","18":"shipping-taxable","19":"purchasable","20":"product-type-simple"},"_links":{"self":[{"href":"https:\/\/marchecheminduroy.com\/fr\/wp-json\/wp\/v2\/product\/6999","targetHints":{"allow":["GET"]}}],"collection":[{"href":"https:\/\/marchecheminduroy.com\/fr\/wp-json\/wp\/v2\/product"}],"about":[{"href":"https:\/\/marchecheminduroy.com\/fr\/wp-json\/wp\/v2\/types\/product"}],"version-history":[{"count":3,"href":"https:\/\/marchecheminduroy.com\/fr\/wp-json\/wp\/v2\/product\/6999\/revisions"}],"predecessor-version":[{"id":12213,"href":"https:\/\/marchecheminduroy.com\/fr\/wp-json\/wp\/v2\/product\/6999\/revisions\/12213"}],"wp:featuredmedia":[{"embeddable":true,"href":"https:\/\/marchecheminduroy.com\/fr\/wp-json\/wp\/v2\/media\/7012"}],"wp:attachment":[{"href":"https:\/\/marchecheminduroy.com\/fr\/wp-json\/wp\/v2\/media?parent=6999"}],"wp:term":[{"taxonomy":"product_brand","embeddable":true,"href":"https:\/\/marchecheminduroy.com\/fr\/wp-json\/wp\/v2\/product_brand?post=6999"},{"taxonomy":"product_cat","embeddable":true,"href":"https:\/\/marchecheminduroy.com\/fr\/wp-json\/wp\/v2\/product_cat?post=6999"},{"taxonomy":"product_tag","embeddable":true,"href":"https:\/\/marchecheminduroy.com\/fr\/wp-json\/wp\/v2\/product_tag?post=6999"}],"curies":[{"name":"wp","href":"https:\/\/api.w.org\/{rel}","templated":true}]}}