{"id":6887,"date":"2025-12-03T22:37:01","date_gmt":"2025-12-03T22:37:01","guid":{"rendered":"https:\/\/marchecheminduroy.com\/?post_type=product&#038;p=6887"},"modified":"2026-05-12T19:04:33","modified_gmt":"2026-05-12T19:04:33","slug":"motions-active-moisture-leave-in-detangler-nourish-restore-shea-butter-argan-oil-coconut-oil-8-fl-oz-236-ml","status":"publish","type":"product","link":"https:\/\/marchecheminduroy.com\/fr\/product\/motions-active-moisture-leave-in-detangler-nourish-restore-shea-butter-argan-oil-coconut-oil-8-fl-oz-236-ml\/","title":{"rendered":"motions active moisture leave-in detangler nourish &#038; restore  shea butter  argan oil &#038; coconut oil  8 fl oz \/ 236 ml"},"content":{"rendered":"<p>D\u00e9m\u00ealant Motions sans rin\u00e7age hydratant actif<\/p>\n","protected":false},"excerpt":{"rendered":"<p data-start=\"0\" data-end=\"160\">D\u00e9m\u00ealant sans rin\u00e7age Motions Active Moisture, enrichi en karit\u00e9, huile d\u2019argan et huile de coco pour nourrir et restaurer les cheveux 236 mL.<\/p>\n","protected":false},"featured_media":6900,"template":"","meta":[],"product_brand":[963],"product_cat":[248,39,263],"product_tag":[789,620,792,791,970],"class_list":{"0":"post-6887","1":"product","2":"type-product","3":"status-publish","4":"has-post-thumbnail","6":"product_brand-motions","7":"product_cat-produits-capillaires","8":"product_cat-soins-capillaires","9":"product_cat-tout","10":"product_tag-detangler","11":"product_tag-hair","12":"product_tag-leave-in","13":"product_tag-moisture","14":"product_tag-motions","16":"first","17":"instock","18":"taxable","19":"shipping-taxable","20":"purchasable","21":"product-type-simple"},"_links":{"self":[{"href":"https:\/\/marchecheminduroy.com\/fr\/wp-json\/wp\/v2\/product\/6887","targetHints":{"allow":["GET"]}}],"collection":[{"href":"https:\/\/marchecheminduroy.com\/fr\/wp-json\/wp\/v2\/product"}],"about":[{"href":"https:\/\/marchecheminduroy.com\/fr\/wp-json\/wp\/v2\/types\/product"}],"version-history":[{"count":2,"href":"https:\/\/marchecheminduroy.com\/fr\/wp-json\/wp\/v2\/product\/6887\/revisions"}],"predecessor-version":[{"id":12300,"href":"https:\/\/marchecheminduroy.com\/fr\/wp-json\/wp\/v2\/product\/6887\/revisions\/12300"}],"wp:featuredmedia":[{"embeddable":true,"href":"https:\/\/marchecheminduroy.com\/fr\/wp-json\/wp\/v2\/media\/6900"}],"wp:attachment":[{"href":"https:\/\/marchecheminduroy.com\/fr\/wp-json\/wp\/v2\/media?parent=6887"}],"wp:term":[{"taxonomy":"product_brand","embeddable":true,"href":"https:\/\/marchecheminduroy.com\/fr\/wp-json\/wp\/v2\/product_brand?post=6887"},{"taxonomy":"product_cat","embeddable":true,"href":"https:\/\/marchecheminduroy.com\/fr\/wp-json\/wp\/v2\/product_cat?post=6887"},{"taxonomy":"product_tag","embeddable":true,"href":"https:\/\/marchecheminduroy.com\/fr\/wp-json\/wp\/v2\/product_tag?post=6887"}],"curies":[{"name":"wp","href":"https:\/\/api.w.org\/{rel}","templated":true}]}}