{"id":674,"date":"2023-12-04T10:57:21","date_gmt":"2023-12-04T10:57:21","guid":{"rendered":"https:\/\/klbtheme.com\/grogin\/?post_type=product&#038;p=674"},"modified":"2026-05-09T20:13:56","modified_gmt":"2026-05-09T20:13:56","slug":"eden-large-hair-bead-br89-2","status":"publish","type":"product","link":"https:\/\/marchecheminduroy.com\/fr\/product\/eden-large-hair-bead-br89-2\/","title":{"rendered":"Eden Large Hair Bead #BR89"},"content":{"rendered":"<p>PERLE RONDE(Violet , Mix)<\/p>\n","protected":false},"excerpt":{"rendered":"<p>La grosse perle pour cheveux Eden #BR9 apporte une touche \u00e9l\u00e9gante aux tresses et coiffures gr\u00e2ce \u00e0 son design l\u00e9ger et facile \u00e0 utiliser.<\/p>\n","protected":false},"featured_media":4168,"template":"","meta":[],"product_brand":[492],"product_cat":[248,39,263],"product_tag":[483,775,493],"class_list":{"0":"post-674","1":"product","2":"type-product","3":"status-publish","4":"has-post-thumbnail","6":"product_brand-eden","7":"product_cat-produits-capillaires","8":"product_cat-soins-capillaires","9":"product_cat-tout","10":"product_tag-cheveux","11":"product_tag-enfant","12":"product_tag-perles","14":"first","15":"instock","16":"taxable","17":"shipping-taxable","18":"purchasable","19":"product-type-simple"},"_links":{"self":[{"href":"https:\/\/marchecheminduroy.com\/fr\/wp-json\/wp\/v2\/product\/674","targetHints":{"allow":["GET"]}}],"collection":[{"href":"https:\/\/marchecheminduroy.com\/fr\/wp-json\/wp\/v2\/product"}],"about":[{"href":"https:\/\/marchecheminduroy.com\/fr\/wp-json\/wp\/v2\/types\/product"}],"version-history":[{"count":3,"href":"https:\/\/marchecheminduroy.com\/fr\/wp-json\/wp\/v2\/product\/674\/revisions"}],"predecessor-version":[{"id":12043,"href":"https:\/\/marchecheminduroy.com\/fr\/wp-json\/wp\/v2\/product\/674\/revisions\/12043"}],"wp:featuredmedia":[{"embeddable":true,"href":"https:\/\/marchecheminduroy.com\/fr\/wp-json\/wp\/v2\/media\/4168"}],"wp:attachment":[{"href":"https:\/\/marchecheminduroy.com\/fr\/wp-json\/wp\/v2\/media?parent=674"}],"wp:term":[{"taxonomy":"product_brand","embeddable":true,"href":"https:\/\/marchecheminduroy.com\/fr\/wp-json\/wp\/v2\/product_brand?post=674"},{"taxonomy":"product_cat","embeddable":true,"href":"https:\/\/marchecheminduroy.com\/fr\/wp-json\/wp\/v2\/product_cat?post=674"},{"taxonomy":"product_tag","embeddable":true,"href":"https:\/\/marchecheminduroy.com\/fr\/wp-json\/wp\/v2\/product_tag?post=674"}],"curies":[{"name":"wp","href":"https:\/\/api.w.org\/{rel}","templated":true}]}}