{"id":6511,"date":"2025-12-02T00:15:00","date_gmt":"2025-12-02T00:15:00","guid":{"rendered":"https:\/\/marchecheminduroy.com\/?post_type=product&#038;p=6511"},"modified":"2026-05-08T01:14:48","modified_gmt":"2026-05-08T01:14:48","slug":"dream-kids-olive-miracle-detangling-moisturizing-conditioner-12-oz","status":"publish","type":"product","link":"https:\/\/marchecheminduroy.com\/fr\/product\/dream-kids-olive-miracle-detangling-moisturizing-conditioner-12-oz\/","title":{"rendered":"Dream kids olive miracle detangling  moisturizing conditioner 12 oz"},"content":{"rendered":"<p>Apr\u00e8s shampoing pour enfants\u00a0 12oz-355ml<\/p>\n","protected":false},"excerpt":{"rendered":"<section class=\"text-token-text-primary w-full focus:outline-none [--shadow-height:45px] has-data-writing-block:pointer-events-none has-data-writing-block:-mt-(--shadow-height) has-data-writing-block:pt-(--shadow-height) [&amp;:has([data-writing-block])&gt;*]:pointer-events-auto [content-visibility:auto] supports-[content-visibility:auto]:[contain-intrinsic-size:auto_100lvh] R6Vx5W_threadScrollVars scroll-mb-[calc(var(--scroll-root-safe-area-inset-bottom,0px)+var(--thread-response-height))] scroll-mt-[calc(var(--header-height)+min(200px,max(70px,20svh)))]\" dir=\"auto\" data-turn-id=\"request-WEB:238169de-957d-43a8-b113-27d973dfdd42-1\" data-testid=\"conversation-turn-4\" data-scroll-anchor=\"false\" data-turn=\"assistant\">\n<div class=\"text-base my-auto mx-auto pb-10 [--thread-content-margin:var(--thread-content-margin-xs,calc(var(--spacing)*4))] @w-sm\/main:[--thread-content-margin:var(--thread-content-margin-sm,calc(var(--spacing)*6))] @w-lg\/main:[--thread-content-margin:var(--thread-content-margin-lg,calc(var(--spacing)*16))] px-(--thread-content-margin)\">\n<div class=\"[--thread-content-max-width:40rem] @w-lg\/main:[--thread-content-max-width:48rem] mx-auto max-w-(--thread-content-max-width) flex-1 group\/turn-messages focus-visible:outline-hidden relative flex w-full min-w-0 flex-col agent-turn\">\n<div class=\"flex max-w-full flex-col gap-4 grow\">\n<div class=\"min-h-8 text-message relative flex w-full flex-col items-end gap-2 text-start break-words whitespace-normal outline-none keyboard-focused:focus-ring [.text-message+&amp;]:mt-1\" dir=\"auto\" tabindex=\"0\" data-message-author-role=\"assistant\" data-message-id=\"c150cc9a-bf33-4092-be63-52c3424646db\" data-message-model-slug=\"gpt-5-3-mini\" data-turn-start-message=\"true\">\n<div class=\"flex w-full flex-col gap-1 empty:hidden\">\n<div class=\"markdown prose dark:prose-invert wrap-break-word w-full light markdown-new-styling\">\n<p data-start=\"214\" data-end=\"431\" data-is-last-node=\"\" data-is-only-node=\"\">\u00ab\u00a0Dream Kids Olive Miracle\u00a0\u00bb Apr\u00e8s-shampoing d\u00e9m\u00ealant et hydratant (12 oz) hydrate, adoucit et d\u00e9m\u00eale les cheveux, r\u00e9duit la casse et laisse les cheveux doux, lisses et faciles \u00e0 coiffer.<\/p>\n<\/div>\n<\/div>\n<\/div>\n<\/div>\n<div class=\"z-0 flex min-h-[46px] justify-start\"><\/div>\n<div data-testid=\"bazaar-slot-visibility-timeout\" data-test-id=\"bazaar-slot-visibility-timeout\"><\/div>\n<\/div>\n<\/div>\n<\/section>\n<div class=\"pointer-events-none -mt-px h-px translate-y-[calc(var(--scroll-root-safe-area-inset-bottom)-14*var(--spacing))]\" aria-hidden=\"true\"><\/div>\n","protected":false},"featured_media":6526,"template":"","meta":[],"product_brand":[1307],"product_cat":[248,39,263],"product_tag":[952,901],"class_list":{"0":"post-6511","1":"product","2":"type-product","3":"status-publish","4":"has-post-thumbnail","6":"product_brand-dream-kids-olive-miracle","7":"product_cat-produits-capillaires","8":"product_cat-soins-capillaires","9":"product_cat-tout","10":"product_tag-enfant-cheveux","11":"product_tag-olive","13":"first","14":"instock","15":"taxable","16":"shipping-taxable","17":"purchasable","18":"product-type-simple"},"_links":{"self":[{"href":"https:\/\/marchecheminduroy.com\/fr\/wp-json\/wp\/v2\/product\/6511","targetHints":{"allow":["GET"]}}],"collection":[{"href":"https:\/\/marchecheminduroy.com\/fr\/wp-json\/wp\/v2\/product"}],"about":[{"href":"https:\/\/marchecheminduroy.com\/fr\/wp-json\/wp\/v2\/types\/product"}],"version-history":[{"count":2,"href":"https:\/\/marchecheminduroy.com\/fr\/wp-json\/wp\/v2\/product\/6511\/revisions"}],"predecessor-version":[{"id":11969,"href":"https:\/\/marchecheminduroy.com\/fr\/wp-json\/wp\/v2\/product\/6511\/revisions\/11969"}],"wp:featuredmedia":[{"embeddable":true,"href":"https:\/\/marchecheminduroy.com\/fr\/wp-json\/wp\/v2\/media\/6526"}],"wp:attachment":[{"href":"https:\/\/marchecheminduroy.com\/fr\/wp-json\/wp\/v2\/media?parent=6511"}],"wp:term":[{"taxonomy":"product_brand","embeddable":true,"href":"https:\/\/marchecheminduroy.com\/fr\/wp-json\/wp\/v2\/product_brand?post=6511"},{"taxonomy":"product_cat","embeddable":true,"href":"https:\/\/marchecheminduroy.com\/fr\/wp-json\/wp\/v2\/product_cat?post=6511"},{"taxonomy":"product_tag","embeddable":true,"href":"https:\/\/marchecheminduroy.com\/fr\/wp-json\/wp\/v2\/product_tag?post=6511"}],"curies":[{"name":"wp","href":"https:\/\/api.w.org\/{rel}","templated":true}]}}