{"id":11319,"date":"2026-02-25T02:10:08","date_gmt":"2026-02-25T02:10:08","guid":{"rendered":"https:\/\/marchecheminduroy.com\/?post_type=product&#038;p=11319"},"modified":"2026-05-07T19:26:46","modified_gmt":"2026-05-07T19:26:46","slug":"wonder-lace-bond-adhesive-spray-water-resistant-sport-edition-27-fl-oz-80-ml","status":"publish","type":"product","link":"https:\/\/marchecheminduroy.com\/fr\/product\/wonder-lace-bond-adhesive-spray-water-resistant-sport-edition-27-fl-oz-80-ml\/","title":{"rendered":"Wonder lace bond adhesive spray water-resistant sport edition 27 fl.oz. (80 ml)"},"content":{"rendered":"<p>Ebin colle perruque \u00e9dition sport romarin et menthe 80ml ( 2.7oz)<\/p>\n","protected":false},"excerpt":{"rendered":"<p>Spray adh\u00e9sif Wonder Lace Bond Sport Edition r\u00e9sistant \u00e0 l\u2019eau, parfait pour fixer les perruques et lace wigs avec une tenue forte et durable 80 mL.<\/p>\n","protected":false},"featured_media":11322,"template":"","meta":[],"product_brand":[1303],"product_cat":[248,39,263],"product_tag":[1223,251],"class_list":{"0":"post-11319","1":"product","2":"type-product","3":"status-publish","4":"has-post-thumbnail","6":"product_brand-ebin-new-york","7":"product_cat-produits-capillaires","8":"product_cat-soins-capillaires","9":"product_cat-tout","10":"product_tag-colle-ebin","11":"product_tag-perruque","13":"first","14":"instock","15":"taxable","16":"shipping-taxable","17":"purchasable","18":"product-type-simple"},"_links":{"self":[{"href":"https:\/\/marchecheminduroy.com\/fr\/wp-json\/wp\/v2\/product\/11319","targetHints":{"allow":["GET"]}}],"collection":[{"href":"https:\/\/marchecheminduroy.com\/fr\/wp-json\/wp\/v2\/product"}],"about":[{"href":"https:\/\/marchecheminduroy.com\/fr\/wp-json\/wp\/v2\/types\/product"}],"version-history":[{"count":5,"href":"https:\/\/marchecheminduroy.com\/fr\/wp-json\/wp\/v2\/product\/11319\/revisions"}],"predecessor-version":[{"id":11925,"href":"https:\/\/marchecheminduroy.com\/fr\/wp-json\/wp\/v2\/product\/11319\/revisions\/11925"}],"wp:featuredmedia":[{"embeddable":true,"href":"https:\/\/marchecheminduroy.com\/fr\/wp-json\/wp\/v2\/media\/11322"}],"wp:attachment":[{"href":"https:\/\/marchecheminduroy.com\/fr\/wp-json\/wp\/v2\/media?parent=11319"}],"wp:term":[{"taxonomy":"product_brand","embeddable":true,"href":"https:\/\/marchecheminduroy.com\/fr\/wp-json\/wp\/v2\/product_brand?post=11319"},{"taxonomy":"product_cat","embeddable":true,"href":"https:\/\/marchecheminduroy.com\/fr\/wp-json\/wp\/v2\/product_cat?post=11319"},{"taxonomy":"product_tag","embeddable":true,"href":"https:\/\/marchecheminduroy.com\/fr\/wp-json\/wp\/v2\/product_tag?post=11319"}],"curies":[{"name":"wp","href":"https:\/\/api.w.org\/{rel}","templated":true}]}}