{"id":10952,"date":"2026-02-22T19:22:10","date_gmt":"2026-02-22T19:22:10","guid":{"rendered":"https:\/\/marchecheminduroy.com\/?post_type=product&#038;p=10952"},"modified":"2026-02-22T23:47:24","modified_gmt":"2026-02-22T23:47:24","slug":"friskies-chefs-dinner-pate-pour-chat-dinner-de-poulet-boite-de-156-g","status":"publish","type":"product","link":"https:\/\/marchecheminduroy.com\/fr\/product\/friskies-chefs-dinner-pate-pour-chat-dinner-de-poulet-boite-de-156-g\/","title":{"rendered":"Friskies Chef&rsquo;s Dinner P\u00e2t\u00e9 pour chat, dinner de poulet- Bo\u00eete de 156 g"},"content":{"rendered":"<p>Friskies Chef&rsquo;s Dinner P\u00e2t\u00e9 pour chat, dinner de poulet- Bo\u00eete de 156 g<\/p>\n","protected":false},"excerpt":{"rendered":"<p>Friskies Chef&rsquo;s Dinner P\u00e2t\u00e9 pour chat, dinner de poulet- Bo\u00eete de 156 g<\/p>\n","protected":false},"featured_media":10849,"template":"","meta":[],"product_brand":[1190],"product_cat":[168,263],"product_tag":[1177,1192,349],"class_list":{"0":"post-10952","1":"product","2":"type-product","3":"status-publish","4":"has-post-thumbnail","6":"product_brand-friskies","7":"product_cat-autres","8":"product_cat-tout","9":"product_tag-chats","10":"product_tag-chunks-bouchees","11":"product_tag-poulet","13":"first","14":"instock","15":"taxable","16":"shipping-taxable","17":"purchasable","18":"product-type-simple"},"_links":{"self":[{"href":"https:\/\/marchecheminduroy.com\/fr\/wp-json\/wp\/v2\/product\/10952","targetHints":{"allow":["GET"]}}],"collection":[{"href":"https:\/\/marchecheminduroy.com\/fr\/wp-json\/wp\/v2\/product"}],"about":[{"href":"https:\/\/marchecheminduroy.com\/fr\/wp-json\/wp\/v2\/types\/product"}],"version-history":[{"count":0,"href":"https:\/\/marchecheminduroy.com\/fr\/wp-json\/wp\/v2\/product\/10952\/revisions"}],"wp:featuredmedia":[{"embeddable":true,"href":"https:\/\/marchecheminduroy.com\/fr\/wp-json\/wp\/v2\/media\/10849"}],"wp:attachment":[{"href":"https:\/\/marchecheminduroy.com\/fr\/wp-json\/wp\/v2\/media?parent=10952"}],"wp:term":[{"taxonomy":"product_brand","embeddable":true,"href":"https:\/\/marchecheminduroy.com\/fr\/wp-json\/wp\/v2\/product_brand?post=10952"},{"taxonomy":"product_cat","embeddable":true,"href":"https:\/\/marchecheminduroy.com\/fr\/wp-json\/wp\/v2\/product_cat?post=10952"},{"taxonomy":"product_tag","embeddable":true,"href":"https:\/\/marchecheminduroy.com\/fr\/wp-json\/wp\/v2\/product_tag?post=10952"}],"curies":[{"name":"wp","href":"https:\/\/api.w.org\/{rel}","templated":true}]}}