{"id":10940,"date":"2026-02-22T19:15:42","date_gmt":"2026-02-22T19:15:42","guid":{"rendered":"https:\/\/marchecheminduroy.com\/?post_type=product&#038;p=10940"},"modified":"2026-02-22T23:47:04","modified_gmt":"2026-02-22T23:47:04","slug":"friskies-chefs-dinner-pate-pour-chat-boite-de-156-g","status":"publish","type":"product","link":"https:\/\/marchecheminduroy.com\/fr\/product\/friskies-chefs-dinner-pate-pour-chat-boite-de-156-g\/","title":{"rendered":"Friskies Chef&rsquo;s Dinner P\u00e2t\u00e9 pour chat &#8211; Bo\u00eete de 156 g"},"content":{"rendered":"<h1 class=\"productDetail-tileName heading3\"><span dir=\"auto\">Friskies Chef&rsquo;s Dinner P\u00e2t\u00e9 pour chat, supreme au fruits de mer- Bo\u00eete de 156 g<\/span><\/h1>\n","protected":false},"excerpt":{"rendered":"<h1 class=\"productDetail-tileName heading3\"><span dir=\"auto\">Friskies Chef&rsquo;s Dinner P\u00e2t\u00e9 pour chat, supreme au fruits de mer- Bo\u00eete de 156 g<\/span><\/h1>\n","protected":false},"featured_media":10852,"template":"","meta":[],"product_brand":[1190],"product_cat":[168,263],"product_tag":[1177,1191,355],"class_list":{"0":"post-10940","1":"product","2":"type-product","3":"status-publish","4":"has-post-thumbnail","6":"product_brand-friskies","7":"product_cat-autres","8":"product_cat-tout","9":"product_tag-chats","10":"product_tag-fruits-de-mer","11":"product_tag-pate","13":"first","14":"instock","15":"taxable","16":"shipping-taxable","17":"purchasable","18":"product-type-simple"},"_links":{"self":[{"href":"https:\/\/marchecheminduroy.com\/fr\/wp-json\/wp\/v2\/product\/10940","targetHints":{"allow":["GET"]}}],"collection":[{"href":"https:\/\/marchecheminduroy.com\/fr\/wp-json\/wp\/v2\/product"}],"about":[{"href":"https:\/\/marchecheminduroy.com\/fr\/wp-json\/wp\/v2\/types\/product"}],"version-history":[{"count":0,"href":"https:\/\/marchecheminduroy.com\/fr\/wp-json\/wp\/v2\/product\/10940\/revisions"}],"wp:featuredmedia":[{"embeddable":true,"href":"https:\/\/marchecheminduroy.com\/fr\/wp-json\/wp\/v2\/media\/10852"}],"wp:attachment":[{"href":"https:\/\/marchecheminduroy.com\/fr\/wp-json\/wp\/v2\/media?parent=10940"}],"wp:term":[{"taxonomy":"product_brand","embeddable":true,"href":"https:\/\/marchecheminduroy.com\/fr\/wp-json\/wp\/v2\/product_brand?post=10940"},{"taxonomy":"product_cat","embeddable":true,"href":"https:\/\/marchecheminduroy.com\/fr\/wp-json\/wp\/v2\/product_cat?post=10940"},{"taxonomy":"product_tag","embeddable":true,"href":"https:\/\/marchecheminduroy.com\/fr\/wp-json\/wp\/v2\/product_tag?post=10940"}],"curies":[{"name":"wp","href":"https:\/\/api.w.org\/{rel}","templated":true}]}}