{"id":8509,"date":"2025-12-22T22:03:43","date_gmt":"2025-12-22T22:03:43","guid":{"rendered":"https:\/\/marchecheminduroy.com\/?post_type=product&#038;p=8509"},"modified":"2026-03-18T19:46:23","modified_gmt":"2026-03-18T19:46:23","slug":"ndole-feuilles-ameres-500g","status":"publish","type":"product","link":"https:\/\/marchecheminduroy.com\/en\/product\/ndole-feuilles-ameres-500g\/","title":{"rendered":"Ndol\u00e8 feuilles am\u00e8res congel\u00e9s 500g"},"content":{"rendered":"","protected":false},"excerpt":{"rendered":"","protected":false},"featured_media":8521,"template":"","meta":[],"product_brand":[],"product_cat":[47,224,263],"product_tag":[1063,530,1073],"class_list":{"0":"post-8509","1":"product","2":"type-product","3":"status-publish","4":"has-post-thumbnail","6":"product_cat-epicerie","7":"product_cat-surgeles","8":"product_cat-tout","9":"product_tag-congele","10":"product_tag-feuilles","11":"product_tag-ndole","13":"first","14":"instock","15":"purchasable","16":"product-type-simple"},"_links":{"self":[{"href":"https:\/\/marchecheminduroy.com\/en\/wp-json\/wp\/v2\/product\/8509","targetHints":{"allow":["GET"]}}],"collection":[{"href":"https:\/\/marchecheminduroy.com\/en\/wp-json\/wp\/v2\/product"}],"about":[{"href":"https:\/\/marchecheminduroy.com\/en\/wp-json\/wp\/v2\/types\/product"}],"version-history":[{"count":0,"href":"https:\/\/marchecheminduroy.com\/en\/wp-json\/wp\/v2\/product\/8509\/revisions"}],"wp:featuredmedia":[{"embeddable":true,"href":"https:\/\/marchecheminduroy.com\/en\/wp-json\/wp\/v2\/media\/8521"}],"wp:attachment":[{"href":"https:\/\/marchecheminduroy.com\/en\/wp-json\/wp\/v2\/media?parent=8509"}],"wp:term":[{"taxonomy":"product_brand","embeddable":true,"href":"https:\/\/marchecheminduroy.com\/en\/wp-json\/wp\/v2\/product_brand?post=8509"},{"taxonomy":"product_cat","embeddable":true,"href":"https:\/\/marchecheminduroy.com\/en\/wp-json\/wp\/v2\/product_cat?post=8509"},{"taxonomy":"product_tag","embeddable":true,"href":"https:\/\/marchecheminduroy.com\/en\/wp-json\/wp\/v2\/product_tag?post=8509"}],"curies":[{"name":"wp","href":"https:\/\/api.w.org\/{rel}","templated":true}]}}