{"id":661,"date":"2023-12-04T10:42:01","date_gmt":"2023-12-04T10:42:01","guid":{"rendered":"https:\/\/klbtheme.com\/grogin\/?post_type=product&#038;p=661"},"modified":"2026-05-09T21:22:54","modified_gmt":"2026-05-09T21:22:54","slug":"ampro-pro-styl-protein-styling-gel-regular-6-oz","status":"publish","type":"product","link":"https:\/\/marchecheminduroy.com\/en\/product\/ampro-pro-styl-protein-styling-gel-regular-6-oz\/","title":{"rendered":"Ampro pro styl protein styling gel regular 6 oz"},"content":{"rendered":"<p>Gel AMPRO PRO STYL tenue r\u00e9guli\u00e8re 6 oz gel<\/p>","protected":false},"excerpt":{"rendered":"<section class=\"text-token-text-primary w-full focus:outline-none [--shadow-height:45px] has-data-writing-block:pointer-events-none has-data-writing-block:-mt-(--shadow-height) has-data-writing-block:pt-(--shadow-height) [&amp;:has([data-writing-block])&gt;*]:pointer-events-auto [content-visibility:auto] supports-[content-visibility:auto]:[contain-intrinsic-size:auto_100lvh] R6Vx5W_threadScrollVars scroll-mb-[calc(var(--scroll-root-safe-area-inset-bottom,0px)+var(--thread-response-height))] scroll-mt-[calc(var(--header-height)+min(200px,max(70px,20svh)))]\" dir=\"auto\" data-turn-id=\"request-WEB:238169de-957d-43a8-b113-27d973dfdd42-34\" data-testid=\"conversation-turn-70\" data-scroll-anchor=\"false\" data-turn=\"assistant\">\n<div class=\"text-base my-auto mx-auto pb-10 [--thread-content-margin:var(--thread-content-margin-xs,calc(var(--spacing)*4))] @w-sm\/main:[--thread-content-margin:var(--thread-content-margin-sm,calc(var(--spacing)*6))] @w-lg\/main:[--thread-content-margin:var(--thread-content-margin-lg,calc(var(--spacing)*16))] px-(--thread-content-margin)\">\n<div class=\"[--thread-content-max-width:40rem] @w-lg\/main:[--thread-content-max-width:48rem] mx-auto max-w-(--thread-content-max-width) flex-1 group\/turn-messages focus-visible:outline-hidden relative flex w-full min-w-0 flex-col agent-turn\">\n<div class=\"flex max-w-full flex-col gap-4 grow\">\n<div class=\"min-h-8 text-message relative flex w-full flex-col items-end gap-2 text-start break-words whitespace-normal outline-none keyboard-focused:focus-ring [.text-message+&amp;]:mt-1\" dir=\"auto\" tabindex=\"0\" data-message-author-role=\"assistant\" data-message-id=\"54bef368-5ffe-43d0-b22a-90f82cddb6d4\" data-message-model-slug=\"gpt-5-3-mini\" data-turn-start-message=\"true\">\n<div class=\"flex w-full flex-col gap-1 empty:hidden\">\n<div class=\"markdown prose dark:prose-invert wrap-break-word w-full light markdown-new-styling\">\n<p data-start=\"187\" data-end=\"381\" data-is-last-node=\"\" data-is-only-node=\"\">Ampro Pro Styl Gel coiffant prot\u00e9in\u00e9 r\u00e9gulier (6 oz) offre une tenue ferme, de la brillance et un contr\u00f4le des frisottis tout en aidant \u00e0 renforcer les cheveux.<\/p>\n<\/div>\n<\/div>\n<\/div>\n<\/div>\n<div class=\"z-0 flex min-h-[46px] justify-start\"><\/div>\n<div data-testid=\"bazaar-slot-visibility-timeout\" data-test-id=\"bazaar-slot-visibility-timeout\"><\/div>\n<\/div>\n<\/div>\n<\/section>\n<div class=\"pointer-events-none -mt-px h-px translate-y-[calc(var(--scroll-root-safe-area-inset-bottom)-14*var(--spacing))]\" aria-hidden=\"true\"><\/div>\n","protected":false},"featured_media":4205,"template":"","meta":[],"product_brand":[1318],"product_cat":[248,39,263],"product_tag":[931,891],"class_list":{"0":"post-661","1":"product","2":"type-product","3":"status-publish","4":"has-post-thumbnail","6":"product_brand-ampro-pro-styl","7":"product_cat-produits-capillaires","8":"product_cat-soins-capillaires","9":"product_cat-tout","10":"product_tag-ampro-style","11":"product_tag-gel","13":"first","14":"instock","15":"taxable","16":"shipping-taxable","17":"purchasable","18":"product-type-simple"},"_links":{"self":[{"href":"https:\/\/marchecheminduroy.com\/en\/wp-json\/wp\/v2\/product\/661","targetHints":{"allow":["GET"]}}],"collection":[{"href":"https:\/\/marchecheminduroy.com\/en\/wp-json\/wp\/v2\/product"}],"about":[{"href":"https:\/\/marchecheminduroy.com\/en\/wp-json\/wp\/v2\/types\/product"}],"version-history":[{"count":2,"href":"https:\/\/marchecheminduroy.com\/en\/wp-json\/wp\/v2\/product\/661\/revisions"}],"predecessor-version":[{"id":12061,"href":"https:\/\/marchecheminduroy.com\/en\/wp-json\/wp\/v2\/product\/661\/revisions\/12061"}],"wp:featuredmedia":[{"embeddable":true,"href":"https:\/\/marchecheminduroy.com\/en\/wp-json\/wp\/v2\/media\/4205"}],"wp:attachment":[{"href":"https:\/\/marchecheminduroy.com\/en\/wp-json\/wp\/v2\/media?parent=661"}],"wp:term":[{"taxonomy":"product_brand","embeddable":true,"href":"https:\/\/marchecheminduroy.com\/en\/wp-json\/wp\/v2\/product_brand?post=661"},{"taxonomy":"product_cat","embeddable":true,"href":"https:\/\/marchecheminduroy.com\/en\/wp-json\/wp\/v2\/product_cat?post=661"},{"taxonomy":"product_tag","embeddable":true,"href":"https:\/\/marchecheminduroy.com\/en\/wp-json\/wp\/v2\/product_tag?post=661"}],"curies":[{"name":"wp","href":"https:\/\/api.w.org\/{rel}","templated":true}]}}