{"id":3265,"date":"2023-12-30T07:03:05","date_gmt":"2023-12-30T07:03:05","guid":{"rendered":"https:\/\/klbtheme.com\/grogin\/?page_id=3265"},"modified":"2026-05-04T12:57:04","modified_gmt":"2026-05-04T12:57:04","slug":"conditions-generales","status":"publish","type":"page","link":"https:\/\/marchecheminduroy.com\/en\/conditions-generales\/","title":{"rendered":"Terms and Conditions"},"content":{"rendered":"<div data-elementor-type=\"wp-page\" data-elementor-id=\"3265\" class=\"elementor elementor-3265\">\n\t\t\t\t<div class=\"elementor-element elementor-element-e6ed341 e-flex e-con-boxed e-con e-parent\" data-id=\"e6ed341\" data-element_type=\"container\" data-e-type=\"container\">\n\t\t\t\t\t<div class=\"e-con-inner\">\n\t\t<div class=\"elementor-element elementor-element-3d9bf5c e-con-full e-flex e-con e-child\" data-id=\"3d9bf5c\" data-element_type=\"container\" data-e-type=\"container\">\n\t\t\t\t<div class=\"elementor-element elementor-element-e33bb2f elementor-widget elementor-widget-heading\" data-id=\"e33bb2f\" data-element_type=\"widget\" data-e-type=\"widget\" data-widget_type=\"heading.default\">\n\t\t\t\t\t<h3 class=\"elementor-heading-title elementor-size-default\">Termes et Conditions G\u00e9n\u00e9rales<\/h3>\t\t\t\t<\/div>\n\t\t\t\t<div class=\"elementor-element elementor-element-88f0d0c elementor-widget elementor-widget-text-editor\" data-id=\"88f0d0c\" data-element_type=\"widget\" data-e-type=\"widget\" data-widget_type=\"text-editor.default\">\n\t\t\t\t\t\t\t\t\t<div id=\"root\">\n<div class=\"ds-theme\">\n<div class=\"cb86951c\">\n<div class=\"c3ecdb44\">\n<div class=\"_7780f2e\">\n<div class=\"_765a5cd\">\n<div class=\"_3919b83\">\n<div class=\"_8f60047\">\n<div class=\"_0f72b0b ds-scroll-area\">\n<div class=\"dad65929\">\n<div class=\"_4f9bf79 d7dc56a8 _43c05b5\">\n<div class=\"ds-message _63c77b1\">\n<div class=\"ds-markdown\">\n<div id=\"root\">\n<div class=\"ds-theme\">\n<div class=\"cb86951c\">\n<div class=\"c3ecdb44\">\n<div class=\"_7780f2e\">\n<div class=\"_765a5cd\">\n<div class=\"_3919b83\">\n<div class=\"_8f60047\">\n<div class=\"_0f72b0b ds-scroll-area\">\n<div class=\"dad65929\">\n<div class=\"_4f9bf79 d7dc56a8 _43c05b5\">\n<div class=\"ds-message _63c77b1\">\n<div class=\"ds-markdown\">\n<p class=\"ds-markdown-paragraph\">En acc\u00e9dant \u00e0 notre site web et en passant une commande, vous acceptez pleinement et sans r\u00e9serve les pr\u00e9sentes Conditions G\u00e9n\u00e9rales de Vente. Nous vous invitons \u00e0 les lire attentivement.<\/p>\n<p class=\"ds-markdown-paragraph\"><strong>1. Commandes et Processus de Commande<\/strong><\/p>\n<p class=\"ds-markdown-paragraph\"><strong>Processus de commande :<\/strong> La s\u00e9lection de produits et leur ajout au panier ne constituent pas une commande ferme. Une commande n&rsquo;est consid\u00e9r\u00e9e comme finale et accept\u00e9e par March\u00e9 Chemin-du-Roy qu&rsquo;apr\u00e8s l&rsquo;envoi d&rsquo;un courriel de confirmation d&rsquo;exp\u00e9dition.<\/p>\n<p class=\"ds-markdown-paragraph\"><strong>Exactitude des informations :<\/strong> Il est de votre responsabilit\u00e9 de fournir une adresse courriel, une adresse de livraison et des informations de facturation exactes et compl\u00e8tes.<\/p>\n<p class=\"ds-markdown-paragraph\"><strong>Prix et disponibilit\u00e9 :<\/strong> Nous nous effor\u00e7ons de garantir l&rsquo;exactitude des prix et de la disponibilit\u00e9 des produits affich\u00e9s. Cependant, des erreurs peuvent survenir. Si un produit command\u00e9 n&rsquo;est pas disponible ou si un prix incorrect est identifi\u00e9, nous vous en informerons et vous proposerons soit un remboursement, soit l&rsquo;annulation de cet article de votre commande.<\/p>\n<p class=\"ds-markdown-paragraph\"><strong>2. Prix et Paiement<\/strong><\/p>\n<p class=\"ds-markdown-paragraph\"><strong>Devise :<\/strong> Tous les prix sont indiqu\u00e9s en dollars canadiens (CAD).<\/p>\n<p class=\"ds-markdown-paragraph\"><strong>Taxes :<\/strong> Les prix affich\u00e9s sont sujets aux taxes de vente applicables au Qu\u00e9bec si il y a lieu detre&nbsp; (TPS et TVQ), qui seront ajout\u00e9es au total final de votre commande.<\/p>\n<p class=\"ds-markdown-paragraph\"><strong>Modes de paiement :<\/strong> Nous acceptons les modes de paiement suivants sur notre site : Carte de cr\u00e9dit\/d\u00e9bit (Visa, MasterCard).<\/p>\n<p class=\"ds-markdown-paragraph\"><strong>S\u00e9curit\u00e9 des paiements :<\/strong> Toutes les transactions sont s\u00e9curis\u00e9es et chiffr\u00e9es. Les informations de votre carte de cr\u00e9dit ne sont pas stock\u00e9es sur nos serveurs.<\/p>\n<p class=\"ds-markdown-paragraph\"><strong>3. Livraison<\/strong><\/p>\n<p class=\"ds-markdown-paragraph\"><strong>Zones de livraison :<\/strong> Nous livrons actuellement dans la r\u00e9gion de Trois-Rivi\u00e8res. Les frais et les d\u00e9lais de livraison varient selon votre emplacement et seront pr\u00e9cis\u00e9s (Frais de livraison) lors du processus de commande.<\/p>\n<p class=\"ds-markdown-paragraph\"><strong>D\u00e9lais de livraison :<\/strong> Nous traitons les commandes aussi rapidement que possible. Les livraisons sont effectu\u00e9es du lundi au dimanche dans les cr\u00e9neaux horaires s\u00e9lectionn\u00e9s. March\u00e9 Chemin-du-Roy ne peut \u00eatre tenu responsable des retards de livraison imputables au transporteur.<\/p>\n<p class=\"ds-markdown-paragraph\"><strong>R\u00e9ception de la commande :<\/strong> Il est de votre responsabilit\u00e9 de vous assurer que quelqu&rsquo;un est disponible pour recevoir la commande. En cas d&rsquo;absence, le risque de d\u00e9t\u00e9rioration des produits p\u00e9rissables incombe au client une fois la livraison tent\u00e9e ou effectu\u00e9e (par exemple, colis laiss\u00e9 \u00e0 votre porte).<\/p>\n<p class=\"ds-markdown-paragraph\"><strong>4. Politique de Retour et de Remboursement<\/strong><\/p>\n<p class=\"ds-markdown-paragraph\">\u00c9tant donn\u00e9 que nous vendons principalement des produits alimentaires p\u00e9rissables, les retours et remboursements ne sont g\u00e9n\u00e9ralement pas accept\u00e9s pour des raisons d&rsquo;hygi\u00e8ne et de s\u00e9curit\u00e9 alimentaire.<\/p>\n<p class=\"ds-markdown-paragraph\"><strong>Cependant :<\/strong><\/p>\n<p class=\"ds-markdown-paragraph\"><strong>Produit d\u00e9fectueux ou non conforme :<\/strong> Si vous recevez un produit avari\u00e9, endommag\u00e9 ou incorrect qui ne correspond pas \u00e0 votre commande, veuillez nous contacter dans les 24 heures suivant la livraison par t\u00e9l\u00e9phone au +1 819-372-9966. Nous demanderons une photo du produit et organiserons, \u00e0 notre discr\u00e9tion, soit son remplacement lors de notre prochaine livraison, soit un avoir ou un remboursement.<\/p>\n<p class=\"ds-markdown-paragraph\"><strong>Erreur de notre part :<\/strong> En cas d&rsquo;erreur manifeste de notre part (mauvais produit livr\u00e9), nous prendrons toutes les mesures n\u00e9cessaires pour corriger la situation, y compris un \u00e9change ou un remboursement.<\/p>\n<p class=\"ds-markdown-paragraph\"><strong>5. Protection des Donn\u00e9es et Vie Priv\u00e9e<\/strong><\/p>\n<p class=\"ds-markdown-paragraph\">Nous respectons votre vie priv\u00e9e. Toutes les informations personnelles que vous nous communiquez sont trait\u00e9es conform\u00e9ment \u00e0 notre Politique de Confidentialit\u00e9, que nous vous encourageons \u00e0 lire. Nous utilisons vos donn\u00e9es uniquement pour traiter votre commande et am\u00e9liorer votre exp\u00e9rience. Nous ne partageons pas vos donn\u00e9es avec des tiers \u00e0 des fins de marketing sans votre consentement.<\/p>\n<p class=\"ds-markdown-paragraph\"><strong>6. Propri\u00e9t\u00e9 Intellectuelle<\/strong><\/p>\n<p class=\"ds-markdown-paragraph\">Tous les \u00e9l\u00e9ments du site (logos, textes, graphismes, images) sont et restent la propri\u00e9t\u00e9 exclusive de March\u00e9 Chemin-du-Roy ou de ses conc\u00e9dants. Toute reproduction ou utilisation sans autorisation \u00e9crite pr\u00e9alable est strictement interdite.<\/p>\n<p class=\"ds-markdown-paragraph\"><strong>7. Limitation de Responsabilit\u00e9<\/strong><\/p>\n<p class=\"ds-markdown-paragraph\">Dans la mesure maximale permise par la loi, la responsabilit\u00e9 de March\u00e9 Chemin-du-Roy ne saurait \u00eatre \u00e9tendue aux dommages indirects ou cons\u00e9cutifs r\u00e9sultant de l&rsquo;utilisation de nos produits ou de notre site web.<\/p>\n<p class=\"ds-markdown-paragraph\"><strong>8. Droit Applicable et Litiges<\/strong><\/p>\n<p class=\"ds-markdown-paragraph\">Ces conditions sont r\u00e9gies par les lois de la province de Qu\u00e9bec et du Canada. Tout litige relatif \u00e0 leur interpr\u00e9tation ou \u00e0 leur ex\u00e9cution rel\u00e8ve de la comp\u00e9tence des tribunaux de la province de Qu\u00e9bec.<\/p>\n<p class=\"ds-markdown-paragraph\"><strong>9. Modification des Conditions<\/strong><\/p>\n<p class=\"ds-markdown-paragraph\">March\u00e9 Chemin-du-Roy se r\u00e9serve le droit de modifier ces Conditions G\u00e9n\u00e9rales de Vente \u00e0 tout moment. Les conditions applicables sont celles en vigueur \u00e0 la date de votre commande.<\/p>\n<p class=\"ds-markdown-paragraph\"><strong>10. Nous Contacter<\/strong><\/p>\n<p class=\"ds-markdown-paragraph\">Pour toute question concernant ces Termes et Conditions, votre commande ou nos services, veuillez nous contacter en utilisant les informations fournies sur notre site web.<\/p>\n<\/div>\n<\/div>\n<\/div>\n<\/div>\n<\/div>\n<\/div>\n<\/div>\n<\/div>\n<\/div>\n<\/div>\n<\/div>\n<\/div>\n<\/div>\n<\/div>\n<\/div>\n<\/div>\n<\/div>\n<\/div>\n<\/div>\n<\/div>\n<\/div>\n<\/div>\n<\/div>\n<\/div>\n<\/div>\n<\/div>\t\t\t\t\t\t\t\t<\/div>\n\t\t\t\t<\/div>\n\t\t\t\t\t<\/div>\n\t\t\t\t<\/div>\n\t\t\t\t<\/div>","protected":false},"excerpt":{"rendered":"<p>Termes et Conditions G\u00e9n\u00e9rales En acc\u00e9dant \u00e0 notre site web et en passant une commande, vous acceptez pleinement et sans r\u00e9serve les pr\u00e9sentes Conditions G\u00e9n\u00e9rales de Vente. Nous vous invitons \u00e0 les lire attentivement. 1. Commandes et Processus de Commande Processus de commande : La s\u00e9lection de produits et leur ajout au panier ne constituent<\/p>\n<div class=\"klb-readmore entry-button\"><a class=\"btn btn-primary link\" href=\"https:\/\/marchecheminduroy.com\/en\/conditions-generales\/\">Read More <i class=\"klbth-icon-right-arrow\"><\/i><\/a><\/div>","protected":false},"author":1,"featured_media":0,"parent":0,"menu_order":0,"comment_status":"closed","ping_status":"closed","template":"","meta":{"footnotes":""},"class_list":["post-3265","page","type-page","status-publish","hentry"],"_hostinger_reach_plugin_has_subscription_block":false,"_hostinger_reach_plugin_is_elementor":false,"_links":{"self":[{"href":"https:\/\/marchecheminduroy.com\/en\/wp-json\/wp\/v2\/pages\/3265","targetHints":{"allow":["GET"]}}],"collection":[{"href":"https:\/\/marchecheminduroy.com\/en\/wp-json\/wp\/v2\/pages"}],"about":[{"href":"https:\/\/marchecheminduroy.com\/en\/wp-json\/wp\/v2\/types\/page"}],"author":[{"embeddable":true,"href":"https:\/\/marchecheminduroy.com\/en\/wp-json\/wp\/v2\/users\/1"}],"replies":[{"embeddable":true,"href":"https:\/\/marchecheminduroy.com\/en\/wp-json\/wp\/v2\/comments?post=3265"}],"version-history":[{"count":1,"href":"https:\/\/marchecheminduroy.com\/en\/wp-json\/wp\/v2\/pages\/3265\/revisions"}],"predecessor-version":[{"id":11892,"href":"https:\/\/marchecheminduroy.com\/en\/wp-json\/wp\/v2\/pages\/3265\/revisions\/11892"}],"wp:attachment":[{"href":"https:\/\/marchecheminduroy.com\/en\/wp-json\/wp\/v2\/media?parent=3265"}],"curies":[{"name":"wp","href":"https:\/\/api.w.org\/{rel}","templated":true}]}}